{"id":1646,"date":"2024-01-05T12:20:56","date_gmt":"2024-01-05T11:20:56","guid":{"rendered":"https:\/\/www.zabri.it\/privacy-clienti\/"},"modified":"2024-01-05T12:23:19","modified_gmt":"2024-01-05T11:23:19","slug":"privacy-clienti","status":"publish","type":"page","link":"https:\/\/www.zabri.it\/en\/privacy-clienti\/","title":{"rendered":"Privacy Clienti"},"content":{"rendered":"<p><b>INFORMATIVA PRIVACY<\/b><\/p>\n<p><span style=\"font-weight: 400;\">AI SENSI E PER GLI EFFETTI DELL\u2019ART. 13 DEL REGOLAMENTO UE 2016\/679<\/span><\/p>\n<p><b>Oggetto:<\/b><span style=\"font-weight: 400;\"> Ai sensi dell\u2019art. 13 del Regolamento Ue 2016\/679 i dati personali da Lei forniti, concernenti il rapporto precontrattuale e\/o contrattuale, formeranno oggetto di trattamento al fine di consentire la gestione del servizio da noi erogato nel rispetto della normativa prevista dal Regolamento UE 679\/2016 e dal D.Lgs. 196\/2003.<\/span><span style=\"font-weight: 400;\"><br \/>\n<\/span><b>Titolare del trattamento:<\/b><span style=\"font-weight: 400;\"> Titolare del trattamento \u00e8 Conceria Zabri S.p.a., con sede legale in Viale C. Colombo 204\/206 &#8211; 50054 Fucecchio (FI).<\/span><span style=\"font-weight: 400;\"><br \/>\n<\/span><b>Responsabile della protezione dei dati (DPO):<\/b><span style=\"font-weight: 400;\"> La Conceria Zabri S.p.a. non necessita della figura del responsabile della protezione dei dati ai sensi dell\u2019art. 37 del Regolamento Ue 679\/2016.<\/span><span style=\"font-weight: 400;\"><br \/>\n<\/span><b>Finalit\u00e0:<\/b><span style=\"font-weight: 400;\"> I dati personali forniti durante l&#8217;instaurazione del rapporto saranno trattati al fine di consentire l\u2019erogazione del servizio, comprensivo di tutti gli adempimenti tecnici, amministrativi e organizzativi necessari e connessi al servizio.<\/span><span style=\"font-weight: 400;\"><br \/>\n<\/span><b>Modalit\u00e0 di trattamento e conservazione:<\/b><span style=\"font-weight: 400;\"> Il trattamento sar\u00e0 svolto con strumenti informatici e cartacei, nel rispetto di quanto previsto dall\u2019art. 32 del GDPR 2016\/679 ad opera di soggetti appositamente incaricati. Le segnaliamo che, nel rispetto dei principi di liceit\u00e0, limitazione delle finalit\u00e0 e minimizzazione dei dati, ai sensi degli artt. 5 e 6 del Regolamento Ue 2016\/679 i Suoi dati personali, oggetto di trattamento per la finalit\u00e0 sopra indicata, saranno conservati per il periodo della durata del contratto e, successivamente, per il tempo in cui il Titolare sia soggetto a obblighi normativi. Successivamente i dati saranno conservati fino all\u2019intervento della prescrizione ordinaria di cui all\u2019art. 2946 cc (10 anni).<\/span><span style=\"font-weight: 400;\"><br \/>\n<\/span><b>Ambito di comunicazione e diffusione:<\/b><span style=\"font-weight: 400;\"> I Suoi dati potranno essere comunicati, o ne potranno venire a conoscenza il personale dipendente o collaboratore della nostra azienda, da noi espressamente designato \u201cincaricato del trattamento\u201d e\/o nominato \u201cresponsabile esterno del trattamento\u201d.<\/span><span style=\"font-weight: 400;\"><br \/>\n<\/span><span style=\"font-weight: 400;\">Categorie particolari di dati personali: Ai fini dell\u2019erogazione del servizio la societ\u00e0 non necessita di trattare dati personali aventi natura \u201cparticolare\u201d ai sensi dell\u2019art. 9 del Regolamento Ue 2016\/679. <\/span><span style=\"font-weight: 400;\"><br \/>\n<\/span><span style=\"font-weight: 400;\">Esistenza di un processo decisionale automatizzato, compresa la profilazione: La Conceria Zabri S.p.a. non adotta alcun processo decisionale automatizzato, compresa la profilazione, di cui all\u2019articolo 22, paragrafi 1 e 4, del Regolamento UE n. 679\/2016.<\/span><span style=\"font-weight: 400;\"><br \/>\n<\/span><b>Natura obbligatoria\/facoltativa del consenso:<\/b><span style=\"font-weight: 400;\"> Il conferimento dei dati personali per le finalit\u00e0 precontrattuali e contrattuali ha natura facoltativa. Il mancato o non corretto conferimento dei Suoi dati personali rende impossibile il raggiungimento di suddetta finalit\u00e0. Con riferimento al trattamento dei dati personali per le finalit\u00e0 precontrattuali e contrattuali di erogazione del servizio non \u00e8 necessario il Suo consenso.<\/span><span style=\"font-weight: 400;\"><br \/>\n<\/span><b>Diritti dell\u2019interessato:<\/b><span style=\"font-weight: 400;\"> In ogni momento Lei potr\u00e0 esercitare i diritti previsti dal Regolamento Ue 2016\/679 dagli articoli dal 15 al 22 e in particolare il diritto di:<\/span><span style=\"font-weight: 400;\"><br \/>\n<\/span><span style=\"font-weight: 400;\">a) chiedere la conferma dell\u2019esistenza o meno di propri dati personali;<\/span><span style=\"font-weight: 400;\"><br \/>\n<\/span><span style=\"font-weight: 400;\">b) ottenere le indicazioni circa le finalit\u00e0 del trattamento, le categorie dei dati personali, i destinatari o le categorie di destinatari a cui i dati personali sono stati o saranno comunicati e, quando possibile, il periodo di conservazione;<\/span><span style=\"font-weight: 400;\"><br \/>\n<\/span><span style=\"font-weight: 400;\">c) ottenere la rettifica e la cancellazione dei dati;<\/span><span style=\"font-weight: 400;\"><br \/>\n<\/span><span style=\"font-weight: 400;\">d) ottenere la limitazione del trattamento;<\/span><span style=\"font-weight: 400;\"><br \/>\n<\/span><span style=\"font-weight: 400;\">e) ottenere la portabilit\u00e0 dei dati, ossia riceverli da un titolare del trattamento, in un formato strutturato, di uso comune e leggibile da dispositivo automatico, e trasmetterli ad un altro titolare del trattamento senza impedimenti;<\/span><span style=\"font-weight: 400;\"><br \/>\n<\/span><span style=\"font-weight: 400;\">f) opporsi al trattamento in qualsiasi momento ed anche nel caso di trattamento per finalit\u00e0 di marketing diretto;<\/span><span style=\"font-weight: 400;\"><br \/>\n<\/span><span style=\"font-weight: 400;\">g) opporsi ad un processo decisionale automatizzato relativo alle persone \ufb01siche, compresa la profilazione.<\/span><span style=\"font-weight: 400;\"><br \/>\n<\/span><span style=\"font-weight: 400;\">h) chiedere al titolare del trattamento l\u2019accesso ai dati personali e la rettifica o la cancellazione degli stessi o la limitazione del trattamento che lo riguardano o di opporsi al loro trattamento, oltre al diritto alla portabilit\u00e0 dei dati;<\/span><span style=\"font-weight: 400;\"><br \/>\n<\/span><span style=\"font-weight: 400;\">i) revocare il consenso in qualsiasi momento senza pregiudicare la liceit\u00e0 del trattamento basata sul consenso prestato prima della revoca;<\/span><span style=\"font-weight: 400;\"><br \/>\n<\/span><span style=\"font-weight: 400;\">j) proporre reclamo all\u2019Autorit\u00e0 Garante.<\/span><\/p>\n<p><span style=\"font-weight: 400;\">Pu\u00f2 esercitare i Suoi diritti con richiesta scritta inviata all\u2019indirizzo email <\/span><a href=\"mailto:privacy@zabri.it\"><span style=\"font-weight: 400;\">privacy@zabri.it<\/span><\/a><\/p>\n<p><b> <\/b><\/p>\n<p>&nbsp;<\/p>\n","protected":false},"excerpt":{"rendered":"<p>INFORMATIVA PRIVACY AI SENSI E PER GLI EFFETTI DELL\u2019ART. 13 DEL REGOLAMENTO UE 2016\/679 Oggetto: Ai sensi dell\u2019art. 13 del Regolamento Ue 2016\/679 i dati personali da Lei forniti, concernenti il rapporto precontrattuale e\/o contrattuale, formeranno oggetto di trattamento al fine di consentire la gestione del servizio da noi erogato nel rispetto della normativa prevista&#8230;<\/p>\n","protected":false},"author":1,"featured_media":0,"parent":0,"menu_order":0,"comment_status":"closed","ping_status":"closed","template":"","meta":{"inline_featured_image":false,"footnotes":""},"class_list":["post-1646","page","type-page","status-publish","hentry"],"acf":[],"yoast_head":"<!-- This site is optimized with the Yoast SEO plugin v22.1 - https:\/\/yoast.com\/wordpress\/plugins\/seo\/ -->\n<title>Privacy Clienti - Conceria Zabri<\/title>\n<meta name=\"robots\" content=\"index, follow, max-snippet:-1, max-image-preview:large, max-video-preview:-1\" \/>\n<link rel=\"canonical\" href=\"https:\/\/www.zabri.it\/en\/privacy-clienti\/\" \/>\n<meta property=\"og:locale\" content=\"en_US\" \/>\n<meta property=\"og:type\" content=\"article\" \/>\n<meta property=\"og:title\" content=\"Privacy Clienti - Conceria Zabri\" \/>\n<meta property=\"og:description\" content=\"INFORMATIVA PRIVACY AI SENSI E PER GLI EFFETTI DELL\u2019ART. 13 DEL REGOLAMENTO UE 2016\/679 Oggetto: Ai sensi dell\u2019art. 13 del Regolamento Ue 2016\/679 i dati personali da Lei forniti, concernenti il rapporto precontrattuale e\/o contrattuale, formeranno oggetto di trattamento al fine di consentire la gestione del servizio da noi erogato nel rispetto della normativa prevista...\" \/>\n<meta property=\"og:url\" content=\"https:\/\/www.zabri.it\/en\/privacy-clienti\/\" \/>\n<meta property=\"og:site_name\" content=\"Conceria Zabri\" \/>\n<meta property=\"article:publisher\" content=\"https:\/\/www.facebook.com\/Zabrispa\/?show_switched_toast=0&amp;show_invite_to_follow=0&amp;show_switched_tooltip=0&amp;show_podcast_settings=0&amp;show_community_review_changes=0&amp;show_community_rollback=0&amp;show_follower_visibility_disclosure=0\" \/>\n<meta property=\"article:modified_time\" content=\"2024-01-05T11:23:19+00:00\" \/>\n<meta name=\"twitter:card\" content=\"summary_large_image\" \/>\n<meta name=\"twitter:label1\" content=\"Est. reading time\" \/>\n\t<meta name=\"twitter:data1\" content=\"3 minutes\" \/>\n<script type=\"application\/ld+json\" class=\"yoast-schema-graph\">{\"@context\":\"https:\/\/schema.org\",\"@graph\":[{\"@type\":\"WebPage\",\"@id\":\"https:\/\/www.zabri.it\/en\/privacy-clienti\/\",\"url\":\"https:\/\/www.zabri.it\/en\/privacy-clienti\/\",\"name\":\"Privacy Clienti - Conceria Zabri\",\"isPartOf\":{\"@id\":\"https:\/\/www.zabri.it\/en\/#website\"},\"datePublished\":\"2024-01-05T11:20:56+00:00\",\"dateModified\":\"2024-01-05T11:23:19+00:00\",\"breadcrumb\":{\"@id\":\"https:\/\/www.zabri.it\/en\/privacy-clienti\/#breadcrumb\"},\"inLanguage\":\"en-US\",\"potentialAction\":[{\"@type\":\"ReadAction\",\"target\":[\"https:\/\/www.zabri.it\/en\/privacy-clienti\/\"]}]},{\"@type\":\"BreadcrumbList\",\"@id\":\"https:\/\/www.zabri.it\/en\/privacy-clienti\/#breadcrumb\",\"itemListElement\":[{\"@type\":\"ListItem\",\"position\":1,\"name\":\"Home\",\"item\":\"https:\/\/www.zabri.it\/en\/homepage\/\"},{\"@type\":\"ListItem\",\"position\":2,\"name\":\"Privacy Clienti\"}]},{\"@type\":\"WebSite\",\"@id\":\"https:\/\/www.zabri.it\/en\/#website\",\"url\":\"https:\/\/www.zabri.it\/en\/\",\"name\":\"Conceria Zabri\",\"description\":\"Qualit\u00e0, Moda, Servizio dal 1971\",\"publisher\":{\"@id\":\"https:\/\/www.zabri.it\/en\/#organization\"},\"potentialAction\":[{\"@type\":\"SearchAction\",\"target\":{\"@type\":\"EntryPoint\",\"urlTemplate\":\"https:\/\/www.zabri.it\/en\/?s={search_term_string}\"},\"query-input\":\"required name=search_term_string\"}],\"inLanguage\":\"en-US\"},{\"@type\":\"Organization\",\"@id\":\"https:\/\/www.zabri.it\/en\/#organization\",\"name\":\"Conceria Zabri\",\"url\":\"https:\/\/www.zabri.it\/en\/\",\"logo\":{\"@type\":\"ImageObject\",\"inLanguage\":\"en-US\",\"@id\":\"https:\/\/www.zabri.it\/en\/#\/schema\/logo\/image\/\",\"url\":\"https:\/\/www.zabri.it\/wp-content\/uploads\/2023\/02\/Logo-Zabri-SpA-su-fondo-nero-01.svg\",\"contentUrl\":\"https:\/\/www.zabri.it\/wp-content\/uploads\/2023\/02\/Logo-Zabri-SpA-su-fondo-nero-01.svg\",\"width\":\"1024\",\"height\":\"1024\",\"caption\":\"Conceria Zabri\"},\"image\":{\"@id\":\"https:\/\/www.zabri.it\/en\/#\/schema\/logo\/image\/\"},\"sameAs\":[\"https:\/\/www.facebook.com\/Zabrispa\/?show_switched_toast=0&show_invite_to_follow=0&show_switched_tooltip=0&show_podcast_settings=0&show_community_review_changes=0&show_community_rollback=0&show_follower_visibility_disclosure=0\",\"https:\/\/www.instagram.com\/conceria_zabri_spa\/\",\"https:\/\/www.linkedin.com\/company\/conceria-zabri-s.p.a.\/about\/\"]}]}<\/script>\n<!-- \/ Yoast SEO plugin. -->","yoast_head_json":{"title":"Privacy Clienti - Conceria Zabri","robots":{"index":"index","follow":"follow","max-snippet":"max-snippet:-1","max-image-preview":"max-image-preview:large","max-video-preview":"max-video-preview:-1"},"canonical":"https:\/\/www.zabri.it\/en\/privacy-clienti\/","og_locale":"en_US","og_type":"article","og_title":"Privacy Clienti - Conceria Zabri","og_description":"INFORMATIVA PRIVACY AI SENSI E PER GLI EFFETTI DELL\u2019ART. 13 DEL REGOLAMENTO UE 2016\/679 Oggetto: Ai sensi dell\u2019art. 13 del Regolamento Ue 2016\/679 i dati personali da Lei forniti, concernenti il rapporto precontrattuale e\/o contrattuale, formeranno oggetto di trattamento al fine di consentire la gestione del servizio da noi erogato nel rispetto della normativa prevista...","og_url":"https:\/\/www.zabri.it\/en\/privacy-clienti\/","og_site_name":"Conceria Zabri","article_publisher":"https:\/\/www.facebook.com\/Zabrispa\/?show_switched_toast=0&show_invite_to_follow=0&show_switched_tooltip=0&show_podcast_settings=0&show_community_review_changes=0&show_community_rollback=0&show_follower_visibility_disclosure=0","article_modified_time":"2024-01-05T11:23:19+00:00","twitter_card":"summary_large_image","twitter_misc":{"Est. reading time":"3 minutes"},"schema":{"@context":"https:\/\/schema.org","@graph":[{"@type":"WebPage","@id":"https:\/\/www.zabri.it\/en\/privacy-clienti\/","url":"https:\/\/www.zabri.it\/en\/privacy-clienti\/","name":"Privacy Clienti - Conceria Zabri","isPartOf":{"@id":"https:\/\/www.zabri.it\/en\/#website"},"datePublished":"2024-01-05T11:20:56+00:00","dateModified":"2024-01-05T11:23:19+00:00","breadcrumb":{"@id":"https:\/\/www.zabri.it\/en\/privacy-clienti\/#breadcrumb"},"inLanguage":"en-US","potentialAction":[{"@type":"ReadAction","target":["https:\/\/www.zabri.it\/en\/privacy-clienti\/"]}]},{"@type":"BreadcrumbList","@id":"https:\/\/www.zabri.it\/en\/privacy-clienti\/#breadcrumb","itemListElement":[{"@type":"ListItem","position":1,"name":"Home","item":"https:\/\/www.zabri.it\/en\/homepage\/"},{"@type":"ListItem","position":2,"name":"Privacy Clienti"}]},{"@type":"WebSite","@id":"https:\/\/www.zabri.it\/en\/#website","url":"https:\/\/www.zabri.it\/en\/","name":"Conceria Zabri","description":"Qualit\u00e0, Moda, Servizio dal 1971","publisher":{"@id":"https:\/\/www.zabri.it\/en\/#organization"},"potentialAction":[{"@type":"SearchAction","target":{"@type":"EntryPoint","urlTemplate":"https:\/\/www.zabri.it\/en\/?s={search_term_string}"},"query-input":"required name=search_term_string"}],"inLanguage":"en-US"},{"@type":"Organization","@id":"https:\/\/www.zabri.it\/en\/#organization","name":"Conceria Zabri","url":"https:\/\/www.zabri.it\/en\/","logo":{"@type":"ImageObject","inLanguage":"en-US","@id":"https:\/\/www.zabri.it\/en\/#\/schema\/logo\/image\/","url":"https:\/\/www.zabri.it\/wp-content\/uploads\/2023\/02\/Logo-Zabri-SpA-su-fondo-nero-01.svg","contentUrl":"https:\/\/www.zabri.it\/wp-content\/uploads\/2023\/02\/Logo-Zabri-SpA-su-fondo-nero-01.svg","width":"1024","height":"1024","caption":"Conceria Zabri"},"image":{"@id":"https:\/\/www.zabri.it\/en\/#\/schema\/logo\/image\/"},"sameAs":["https:\/\/www.facebook.com\/Zabrispa\/?show_switched_toast=0&show_invite_to_follow=0&show_switched_tooltip=0&show_podcast_settings=0&show_community_review_changes=0&show_community_rollback=0&show_follower_visibility_disclosure=0","https:\/\/www.instagram.com\/conceria_zabri_spa\/","https:\/\/www.linkedin.com\/company\/conceria-zabri-s.p.a.\/about\/"]}]}},"_links":{"self":[{"href":"https:\/\/www.zabri.it\/en\/wp-json\/wp\/v2\/pages\/1646","targetHints":{"allow":["GET"]}}],"collection":[{"href":"https:\/\/www.zabri.it\/en\/wp-json\/wp\/v2\/pages"}],"about":[{"href":"https:\/\/www.zabri.it\/en\/wp-json\/wp\/v2\/types\/page"}],"author":[{"embeddable":true,"href":"https:\/\/www.zabri.it\/en\/wp-json\/wp\/v2\/users\/1"}],"replies":[{"embeddable":true,"href":"https:\/\/www.zabri.it\/en\/wp-json\/wp\/v2\/comments?post=1646"}],"version-history":[{"count":1,"href":"https:\/\/www.zabri.it\/en\/wp-json\/wp\/v2\/pages\/1646\/revisions"}],"predecessor-version":[{"id":1647,"href":"https:\/\/www.zabri.it\/en\/wp-json\/wp\/v2\/pages\/1646\/revisions\/1647"}],"wp:attachment":[{"href":"https:\/\/www.zabri.it\/en\/wp-json\/wp\/v2\/media?parent=1646"}],"curies":[{"name":"wp","href":"https:\/\/api.w.org\/{rel}","templated":true}]}}